{"id":24394,"date":"2025-10-21T16:37:54","date_gmt":"2025-10-21T15:37:54","guid":{"rendered":"https:\/\/powertan.pt\/?page_id=24394"},"modified":"2025-11-05T11:19:47","modified_gmt":"2025-11-05T11:19:47","slug":"led-savings-calculator","status":"publish","type":"page","link":"https:\/\/powertan.pt\/en\/led-savings-calculator\/","title":{"rendered":"LED Savings Calculator"},"content":{"rendered":"\t\t<div data-elementor-type=\"wp-page\" data-elementor-id=\"24394\" class=\"elementor elementor-24394\" data-elementor-post-type=\"page\">\n\t\t\t\t<div class=\"elementor-element elementor-element-1d9449a e-flex e-con-boxed e-con e-parent\" data-id=\"1d9449a\" data-element_type=\"container\" data-settings=\"{&quot;background_background&quot;:&quot;classic&quot;}\">\n\t\t\t\t\t<div class=\"e-con-inner\">\n\t\t\t\t<div class=\"elementor-element elementor-element-63e5125 elementor-widget elementor-widget-heading\" data-id=\"63e5125\" data-element_type=\"widget\" data-widget_type=\"heading.default\">\n\t\t\t\t\t<h2 class=\"elementor-heading-title elementor-size-default\">LED'S SAVING CALCULATOR<\/h2>\t\t\t\t<\/div>\n\t\t\t\t<div class=\"elementor-element elementor-element-cc319b9 elementor-widget elementor-widget-text-editor\" data-id=\"cc319b9\" data-element_type=\"widget\" data-widget_type=\"text-editor.default\">\n\t\t\t\t\t\t\t\t\t<p>Discover your potential savings with LED technology.<br data-start=\"453\" data-end=\"456\" \/>Select your solarium model, input usage data, and get instant results on energy efficiency and cost reduction.<\/p>\t\t\t\t\t\t\t\t<\/div>\n\t\t\t\t\t<\/div>\n\t\t\t\t<\/div>\n\t\t<div class=\"elementor-element elementor-element-a3648eb e-con-full e-flex e-con e-parent\" data-id=\"a3648eb\" data-element_type=\"container\" data-settings=\"{&quot;background_background&quot;:&quot;classic&quot;}\">\n\t\t\t\t<div class=\"elementor-element elementor-element-29169b elementor-widget__width-inherit elementor-widget elementor-widget-jet-form-builder-form\" data-id=\"29169b\" data-element_type=\"widget\" data-widget_type=\"jet-form-builder-form.default\">\n\t\t\t\t<div class=\"elementor-widget-container\">\n\t\t\t\t\t<link rel='stylesheet' id='wp-block-library-css' href='https:\/\/powertan.pt\/wp-includes\/css\/dist\/block-library\/style.min.css?ver=6.9.4' media='all' \/>\n<style id=\"jet-form-builder-24275-inline-css\"><\/style><form  class=\"jet-form-builder layout-column submit-type-reload\" action=\"https:\/\/powertan.pt\/en\/wp-json\/wp\/v2\/pages\/24394\/?HnwbXZ=9jRxvxpFTR&amp;method=reload\" method=\"POST\" data-form-id=\"24275\" data-layout=\"column\" enctype=\"multipart\/form-data\" novalidate=\"null\" ssr_validation_method=\"rest\"><input type=\"hidden\" class=\"jet-form-builder__field hidden-field\" name=\"_jfb_csrf_token\" data-field-name=\"_jfb_csrf_token\" value=\"28b6a97c6ed99340a45fca518c56aede\">\n<input type=\"hidden\" id=\"_wpnonce\" name=\"_wpnonce\" value=\"ecf182eda4\" \/><input type=\"hidden\" name=\"_wp_http_referer\" value=\"\/en\/wp-json\/wp\/v2\/pages\/24394\" \/>\r\n<input type=\"hidden\" name=\"_jfb_current_render_states[]\" value=\"DEFAULT.STATE\" data-jfb-sync \/><input type=\"hidden\" class=\"jet-form-builder__field hidden-field\" name=\"_jet_engine_booking_form_id\" data-field-name=\"_jet_engine_booking_form_id\" value=\"24275\">\n<input type=\"hidden\" class=\"jet-form-builder__field hidden-field\" name=\"_jet_engine_refer\" data-field-name=\"_jet_engine_refer\" value=\"https:\/\/powertan.pt\/en\/wp-json\/wp\/v2\/pages\/24394\/\">\n<input type=\"hidden\" class=\"jet-form-builder__field hidden-field\" name=\"__queried_post_id\" data-field-name=\"__queried_post_id\" value=\"24394\">\n\n<h2 class=\"wp-block-heading has-white-color has-text-color has-link-color wp-elements-3d695ec36fb55775b27b5675bd5e711d\">LED Conversion: the smart way to upgrade to the K11 Air Full LED<\/h2>\n\n\n\n<p class=\"has-white-color has-text-color has-link-color wp-elements-eaf77a8532817aa511c7a0321dbbb5c5\">Compare your current solarium\u2019s energy consumption with the performance of the <strong>megaSun K11 Air Full LED system<\/strong>.<br>Get a precise overview of operating costs, annual savings, and your expected return on investment.<br>Understand why switching to a <strong>full-LED machine like the K11 Air<\/strong> is not only more sustainable, but also dramatically more efficient and profitable.<\/p>\n\n\n<div  class=\"jet-form-builder-row field-type-select-field wp-block-jet-forms-select-field\">\n<div class=\"jet-form-builder__label\">\r\n<div class=\"jet-form-builder__label-text\">Your Current Solarium Model<\/div><\/div><div class=\"jet-form-builder__field-wrap\">\n\t<select class=\"jet-form-builder__field select-field\" name=\"model\" data-field-name=\"model\" id=\"model\" data-jfb-sync=\"null\">\n\t\t<option value=\"17.8\" >Ergoline Prestige 1600 - 17.8 kW<\/option><option value=\"16.8\" >Ergoline Lightvision - 16.8 kW<\/option><option value=\"14.4\" >Ergoline Fusion Spectra - 14.4 kW<\/option><option value=\"13.1\" >Ergoline Vitality Fusion - 13.1 kW<\/option><option value=\"6.8\" >Ergoline Elements - 6.8 kW<\/option><option value=\"14\" >Luxura\u00a0X10\u00a0-\u00a014\u00a0kW<\/option><option value=\"11.5\" >Luxura Vegaz - 11.5 kW<\/option><option value=\"7\" >Luxura Jewel - 7 kW<\/option><option value=\"13.6\" >Megasun 8000 - 13.6 kW<\/option><option value=\"11\" >Megasun P9S - 11 kW<\/option><option value=\"9.7\" >Megasun K9S - 9.7 kW<\/option><option value=\"8.8\" >Megasun K7S - 8,8 kW<\/option>\t<\/select>\n<\/div><div class=\"jet-form-builder__desc\"><small>Select the model of your current tanning machine. If your exact model is not listed, choose the one with the closest energy consumption.<br>If you are unsure about your machine\u2019s consumption, simply fill out the form below and our team will assist you personally.<\/small><\/div>\n<\/div>\n\n<div  class=\"jet-form-builder-row field-type-range-field\" >\n<div class=\"jet-form-builder__label\">\r\n<div class=\"jet-form-builder__label-text\">Electricity price (\u20ac per kWh)<\/div><\/div><div class=\"jet-form-builder__field-wrap range-wrap\">\n\t\t<input type=\"range\" value=\"0.30\" class=\"jet-form-builder__field range-field\" min=\"0\" max=\"1\" step=\"0.01\" name=\"kwh_price\" data-field-name=\"kwh_price\" id=\"kwh_price\" data-jfb-sync=\"null\">\n\t<div class=\"jet-form-builder__field-value range-value\">\n\t\t\t\t<span class=\"jet-form-builder__field-value-number\"><\/span>\n\t\t\t<\/div>\n\t<\/div><div class=\"jet-form-builder__desc\"><small>Insert your electricity rate in \u20ac\/kWh. This value is essential to calculate your real operating costs.<\/small><\/div>\n<\/div>\n\n<div  class=\"jet-form-builder-row field-type-range-field\" >\n<div class=\"jet-form-builder__label\">\r\n<div class=\"jet-form-builder__label-text\">Daily number of sessions<\/div><\/div><div class=\"jet-form-builder__field-wrap range-wrap\">\n\t\t<input type=\"range\" value=\"30\" class=\"jet-form-builder__field range-field\" min=\"0\" max=\"50\" step=\"1\" name=\"daily_sessions\" data-field-name=\"daily_sessions\" id=\"daily_sessions\" data-jfb-sync=\"null\">\n\t<div class=\"jet-form-builder__field-value range-value\">\n\t\t\t\t<span class=\"jet-form-builder__field-value-number\"><\/span>\n\t\t\t<\/div>\n\t<\/div><div class=\"jet-form-builder__desc\"><small>Specify the average number of tanning sessions performed per day.<br>Each session represents 20 minutes.<\/small><\/div>\n<\/div>\n\n\n<div  class=\"jet-form-builder-row field-type-calculated-field\" >\n<div class=\"jet-form-builder__label\">\r\n<div class=\"jet-form-builder__label-text\">Daily Energy Cost (\u20ac)<\/div><\/div><div data-formula=\"%model% * %kwh_price% * %daily_sessions% * 0.33\n\" data-name=\"cost_day\" data-precision=\"2\" data-sep-decimal=\".\" data-value-type=\"number\" data-date-format=\"YYYY-MM-DD\" class=\"jet-form-builder__calculated-field\">\n\t\t\t\t<div class=\"jet-form-builder__calculated-field-prefix\">\u20ac<\/div>\n\t\t<input type=\"hidden\"\n\t\t\tname=\"cost_day\"\n\t\t\tid=\"cost_day\"\n\t\t\tvalue=\"\"\n\t\t\tclass=\"jet-form-builder__calculated-field-input jet-form-builder__field\"\n\t\t\tdata-field-name=\"cost_day\"\n\t\t\tdata-jfb-sync\n\t\/>\n\t<div class=\"jet-form-builder__calculated-field-val\">0.00<\/div>\n\t\t<\/div><div class=\"jet-form-builder__desc\"><small>Current solarium consumption \u00d7 electricity price \u00d7 daily sessions.<br>Note: Each session is assumed to last 20 minutes.<\/small><\/div>\n<\/div>\n\n\n\n<div  class=\"jet-form-builder-row field-type-calculated-field\" >\n<div class=\"jet-form-builder__label\">\r\n<div class=\"jet-form-builder__label-text\">Annual Energy Cost (\u20ac)<\/div><\/div><div data-formula=\"%cost_day% * 312\" data-name=\"cost_year\" data-precision=\"2\" data-sep-decimal=\".\" data-value-type=\"number\" data-date-format=\"YYYY-MM-DD\" class=\"jet-form-builder__calculated-field\">\n\t\t\t\t<div class=\"jet-form-builder__calculated-field-prefix\">\u20ac<\/div>\n\t\t<input type=\"hidden\"\n\t\t\tname=\"cost_year\"\n\t\t\tid=\"cost_year\"\n\t\t\tvalue=\"\"\n\t\t\tclass=\"jet-form-builder__calculated-field-input jet-form-builder__field\"\n\t\t\tdata-field-name=\"cost_year\"\n\t\t\tdata-jfb-sync\n\t\/>\n\t<div class=\"jet-form-builder__calculated-field-val\">0.00<\/div>\n\t\t<\/div><div class=\"jet-form-builder__desc\"><small>Automatically calculated based on your daily energy cost \u00d7 312 days.<\/small><\/div>\n<\/div>\n\n\n\n<div  class=\"jet-form-builder-row field-type-calculated-field\" >\n<div class=\"jet-form-builder__label\">\r\n<div class=\"jet-form-builder__label-text\">Savings with Led\u00b4s per Year (\u20ac)<\/div><\/div><div data-formula=\"%cost_year% * 0.76\n\" data-name=\"savings_year\" data-precision=\"2\" data-sep-decimal=\".\" data-value-type=\"number\" data-date-format=\"YYYY-MM-DD\" class=\"jet-form-builder__calculated-field\">\n\t\t\t\t<div class=\"jet-form-builder__calculated-field-prefix\">\u20ac<\/div>\n\t\t<input type=\"hidden\"\n\t\t\tname=\"savings_year\"\n\t\t\tid=\"savings_year\"\n\t\t\tvalue=\"\"\n\t\t\tclass=\"jet-form-builder__calculated-field-input jet-form-builder__field\"\n\t\t\tdata-field-name=\"savings_year\"\n\t\t\tdata-jfb-sync\n\t\/>\n\t<div class=\"jet-form-builder__calculated-field-val\">0.00<\/div>\n\t\t<\/div><div class=\"jet-form-builder__desc\"><small>Estimated yearly savings after upgrading to the K11 Air Full LED system.<\/small><\/div>\n<\/div>\n\n\n\n<div  class=\"jet-form-builder-row field-type-calculated-field\" >\n<div class=\"jet-form-builder__label\">\r\n<div class=\"jet-form-builder__label-text\">Savings with Led\u00b4s in 5 Years (\u20ac)<\/div><\/div><div data-formula=\"%savings_year% * 5\n\" data-name=\"savings_5y\" data-precision=\"2\" data-sep-decimal=\".\" data-value-type=\"number\" data-date-format=\"YYYY-MM-DD\" class=\"jet-form-builder__calculated-field\">\n\t\t\t\t<div class=\"jet-form-builder__calculated-field-prefix\">\u20ac<\/div>\n\t\t<input type=\"hidden\"\n\t\t\tname=\"savings_5y\"\n\t\t\tid=\"savings_5y\"\n\t\t\tvalue=\"\"\n\t\t\tclass=\"jet-form-builder__calculated-field-input jet-form-builder__field\"\n\t\t\tdata-field-name=\"savings_5y\"\n\t\t\tdata-jfb-sync\n\t\/>\n\t<div class=\"jet-form-builder__calculated-field-val\">0.00<\/div>\n\t\t<\/div><div class=\"jet-form-builder__desc\"><small>Projection of total energy savings over a 5-year period.<\/small><\/div>\n<\/div>\n\n\n<div  class=\"jet-form-builder-row field-type-text-field\" >\n<div class=\"jet-form-builder__label\">\r\n<div class=\"jet-form-builder__label-text\">Name <span class=\"jet-form-builder__required\">*<\/span><\/div><\/div><div class=\"jet-form-builder__field-wrap\">\n\t\t\t\t<input required=\"required\" name=\"Name\" id=\"Name\" type=\"text\" data-field-name=\"Name\" class=\"jet-form-builder__field text-field\" data-jfb-sync=\"null\" autocomplete=\"off_cetxY0Ay\">\n\t\t\t\t\t<\/div>\n<\/div>\n\n<div  class=\"jet-form-builder-row field-type-text-field\" >\n<div class=\"jet-form-builder__label\">\r\n<div class=\"jet-form-builder__label-text\">Company <span class=\"jet-form-builder__required\">*<\/span><\/div><\/div><div class=\"jet-form-builder__field-wrap\">\n\t\t\t\t<input required=\"required\" name=\"company\" id=\"company\" type=\"text\" data-field-name=\"company\" class=\"jet-form-builder__field text-field\" data-jfb-sync=\"null\" autocomplete=\"off_1b6smfDK\">\n\t\t\t\t\t<\/div>\n<\/div>\n\n<div  class=\"jet-form-builder-row field-type-text-field\" >\n<div class=\"jet-form-builder__label\">\r\n<div class=\"jet-form-builder__label-text\">City <span class=\"jet-form-builder__required\">*<\/span><\/div><\/div><div class=\"jet-form-builder__field-wrap\">\n\t\t\t\t<input required=\"required\" name=\"City\" id=\"City\" type=\"text\" data-field-name=\"City\" class=\"jet-form-builder__field text-field\" data-jfb-sync=\"null\" autocomplete=\"off_KCapFyl3\">\n\t\t\t\t\t<\/div>\n<\/div>\n\n<div  class=\"jet-form-builder-row field-type-text-field\" >\n<div class=\"jet-form-builder__label\">\r\n<div class=\"jet-form-builder__label-text\">Email <span class=\"jet-form-builder__required\">*<\/span><\/div><\/div><div class=\"jet-form-builder__field-wrap\">\n\t\t\t\t<input required=\"required\" name=\"email\" id=\"email\" type=\"text\" data-field-name=\"email\" class=\"jet-form-builder__field text-field\" data-jfb-sync=\"null\" autocomplete=\"off_uiIKYSVX\">\n\t\t\t\t\t<\/div>\n<\/div>\n\n<div  class=\"jet-form-builder-row field-type-text-field\" >\n<div class=\"jet-form-builder__label\">\r\n<div class=\"jet-form-builder__label-text\">Phone Number <span class=\"jet-form-builder__required\">*<\/span><\/div><\/div><div class=\"jet-form-builder__field-wrap\">\n\t\t\t\t<input required=\"required\" name=\"phone\" id=\"phone\" type=\"text\" data-field-name=\"phone\" class=\"jet-form-builder__field text-field\" data-jfb-sync=\"null\" autocomplete=\"off_Kihe1fHN\">\n\t\t\t\t\t<\/div>\n<\/div>\n\n<div  class=\"jet-form-builder-row field-type-checkbox-field\" >\n<div class=\"jet-form-builder__fields-group checkradio-wrap\" data-jfb-sync><div class=\"jet-form-builder__field-wrap checkboxes-wrap checkradio-wrap\"><label class=\"jet-form-builder__field-label for-checkbox\">\n\t\t\t<input type=\"checkbox\" name=\"field_name\" value=\"Accepted\" data-field-name=\"field_name\"  class=\"jet-form-builder__field checkboxes-field checkradio-field\" required=\"required\"><span>I agree that my personal data will be processed for the purpose of this request. This consent may be withdrawn at any time by contacting PowerTan. Your data will not be shared with third parties.<\/span><\/label><\/div><\/div>\n<\/div>\n\n<div class=\"jfb-visually-hidden\" tabindex=\"-1\"><div class=\"jet-form-builder__field-wrap\">\n\t\t\t\t<input name=\"_email\" id=\"_email\" type=\"email\" data-field-name=\"_email\" class=\"jet-form-builder__field text-field\" data-jfb-sync=\"null\" autocomplete=\"off_pUhQdTIz\">\n\t\t\t\t\t<\/div><\/div><div  class=\"jet-form-builder-row field-type-submit-field\" >\n\t<div data-type=\"submit\" class=\"jet-form-builder__action-button-wrapper jet-form-builder__submit-wrap\">\n\t<button class=\"jet-form-builder__action-button jet-form-builder__submit submit-type-reload\" type=\"submit\">REQUEST A QUOTE<\/button>\n\t<\/div>\n\t\n<\/div>\t<div class=\"jet-form-builder-messages-wrap\" data-form-id=\"24275\"><\/div>\n<\/form>\n\t\t\t\t<\/div>\n\t\t\t\t<\/div>\n\t\t\t\t<\/div>\n\t\t\t\t<\/div>\n\t\t","protected":false},"excerpt":{"rendered":"<p>LED&#8217;S SAVING CALCULATOR Discover your potential savings with LED technology.Select your solarium model, input usage data, and get instant results on energy efficiency and cost reduction. LED conversion: the smart way to lower costs and boost efficiency Compare your current solarium\u2019s energy consumption with the new LED systems.Get a clear overview of total operating costs, [&hellip;]<\/p>\n","protected":false},"author":3,"featured_media":0,"parent":0,"menu_order":0,"comment_status":"closed","ping_status":"closed","template":"","meta":{"_acf_changed":false,"content-type":"","_vp_format_video_url":"","_vp_image_focal_point":[],"footnotes":""},"class_list":["post-24394","page","type-page","status-publish","hentry"],"acf":[],"yoast_head":"<!-- This site is optimized with the Yoast SEO plugin v26.6 - https:\/\/yoast.com\/wordpress\/plugins\/seo\/ -->\n<title>LED Savings Calculator - PowerTan<\/title>\n<meta name=\"description\" content=\"A Power Tan \u00e9 uma empresa nacional especializada na venda e distribui\u00e7\u00e3o de produtos para centros de bronzeamento artificial e sol\u00e1rios, oferecendo assist\u00eancia t\u00e9cnica e forma\u00e7\u00e3o profissional.\" \/>\n<meta name=\"robots\" content=\"index, follow, max-snippet:-1, max-image-preview:large, max-video-preview:-1\" \/>\n<link rel=\"canonical\" href=\"https:\/\/powertan.pt\/en\/led-savings-calculator\/\" \/>\n<meta property=\"og:locale\" content=\"en_US\" \/>\n<meta property=\"og:type\" content=\"article\" \/>\n<meta property=\"og:title\" content=\"LED Savings Calculator - PowerTan\" \/>\n<meta property=\"og:description\" content=\"A Power Tan \u00e9 uma empresa nacional especializada na venda e distribui\u00e7\u00e3o de produtos para centros de bronzeamento artificial e sol\u00e1rios, oferecendo assist\u00eancia t\u00e9cnica e forma\u00e7\u00e3o profissional.\" \/>\n<meta property=\"og:url\" content=\"https:\/\/powertan.pt\/en\/led-savings-calculator\/\" \/>\n<meta property=\"og:site_name\" content=\"PowerTan\" \/>\n<meta property=\"article:publisher\" content=\"https:\/\/www.facebook.com\/powertan.pt\/\" \/>\n<meta property=\"article:modified_time\" content=\"2025-11-05T11:19:47+00:00\" \/>\n<meta property=\"og:image\" content=\"https:\/\/powertan.pt\/wp-content\/uploads\/2025\/12\/logo.png\" \/>\n\t<meta property=\"og:image:width\" content=\"460\" \/>\n\t<meta property=\"og:image:height\" content=\"140\" \/>\n\t<meta property=\"og:image:type\" content=\"image\/png\" \/>\n<meta name=\"twitter:card\" content=\"summary_large_image\" \/>\n<meta name=\"twitter:label1\" content=\"Est. reading time\" \/>\n\t<meta name=\"twitter:data1\" content=\"1 minute\" \/>\n<script type=\"application\/ld+json\" class=\"yoast-schema-graph\">{\"@context\":\"https:\/\/schema.org\",\"@graph\":[{\"@type\":\"WebPage\",\"@id\":\"https:\/\/powertan.pt\/en\/led-savings-calculator\/\",\"url\":\"https:\/\/powertan.pt\/en\/led-savings-calculator\/\",\"name\":\"LED Savings Calculator - PowerTan\",\"isPartOf\":{\"@id\":\"https:\/\/powertan.pt\/en\/#website\"},\"datePublished\":\"2025-10-21T15:37:54+00:00\",\"dateModified\":\"2025-11-05T11:19:47+00:00\",\"description\":\"A Power Tan \u00e9 uma empresa nacional especializada na venda e distribui\u00e7\u00e3o de produtos para centros de bronzeamento artificial e sol\u00e1rios, oferecendo assist\u00eancia t\u00e9cnica e forma\u00e7\u00e3o profissional.\",\"breadcrumb\":{\"@id\":\"https:\/\/powertan.pt\/en\/led-savings-calculator\/#breadcrumb\"},\"inLanguage\":\"en-US\",\"potentialAction\":[{\"@type\":\"ReadAction\",\"target\":[\"https:\/\/powertan.pt\/en\/led-savings-calculator\/\"]}]},{\"@type\":\"BreadcrumbList\",\"@id\":\"https:\/\/powertan.pt\/en\/led-savings-calculator\/#breadcrumb\",\"itemListElement\":[{\"@type\":\"ListItem\",\"position\":1,\"name\":\"Home\",\"item\":\"https:\/\/powertan.pt\/en\/\"},{\"@type\":\"ListItem\",\"position\":2,\"name\":\"LED Savings Calculator\"}]},{\"@type\":\"WebSite\",\"@id\":\"https:\/\/powertan.pt\/en\/#website\",\"url\":\"https:\/\/powertan.pt\/en\/\",\"name\":\"Powertan\",\"description\":\"All About Tanning\",\"publisher\":{\"@id\":\"https:\/\/powertan.pt\/en\/#organization\"},\"potentialAction\":[{\"@type\":\"SearchAction\",\"target\":{\"@type\":\"EntryPoint\",\"urlTemplate\":\"https:\/\/powertan.pt\/en\/?s={search_term_string}\"},\"query-input\":{\"@type\":\"PropertyValueSpecification\",\"valueRequired\":true,\"valueName\":\"search_term_string\"}}],\"inLanguage\":\"en-US\"},{\"@type\":\"Organization\",\"@id\":\"https:\/\/powertan.pt\/en\/#organization\",\"name\":\"Powertan\",\"url\":\"https:\/\/powertan.pt\/en\/\",\"logo\":{\"@type\":\"ImageObject\",\"inLanguage\":\"en-US\",\"@id\":\"https:\/\/powertan.pt\/en\/#\/schema\/logo\/image\/\",\"url\":\"https:\/\/powertan.pt\/wp-content\/uploads\/2025\/12\/favicon.png\",\"contentUrl\":\"https:\/\/powertan.pt\/wp-content\/uploads\/2025\/12\/favicon.png\",\"width\":512,\"height\":512,\"caption\":\"Powertan\"},\"image\":{\"@id\":\"https:\/\/powertan.pt\/en\/#\/schema\/logo\/image\/\"},\"sameAs\":[\"https:\/\/www.facebook.com\/powertan.pt\/\",\"https:\/\/www.instagram.com\/powertan.pt\"]}]}<\/script>\n<!-- \/ Yoast SEO plugin. -->","yoast_head_json":{"title":"LED Savings Calculator - PowerTan","description":"A Power Tan \u00e9 uma empresa nacional especializada na venda e distribui\u00e7\u00e3o de produtos para centros de bronzeamento artificial e sol\u00e1rios, oferecendo assist\u00eancia t\u00e9cnica e forma\u00e7\u00e3o profissional.","robots":{"index":"index","follow":"follow","max-snippet":"max-snippet:-1","max-image-preview":"max-image-preview:large","max-video-preview":"max-video-preview:-1"},"canonical":"https:\/\/powertan.pt\/en\/led-savings-calculator\/","og_locale":"en_US","og_type":"article","og_title":"LED Savings Calculator - PowerTan","og_description":"A Power Tan \u00e9 uma empresa nacional especializada na venda e distribui\u00e7\u00e3o de produtos para centros de bronzeamento artificial e sol\u00e1rios, oferecendo assist\u00eancia t\u00e9cnica e forma\u00e7\u00e3o profissional.","og_url":"https:\/\/powertan.pt\/en\/led-savings-calculator\/","og_site_name":"PowerTan","article_publisher":"https:\/\/www.facebook.com\/powertan.pt\/","article_modified_time":"2025-11-05T11:19:47+00:00","og_image":[{"width":460,"height":140,"url":"https:\/\/powertan.pt\/wp-content\/uploads\/2025\/12\/logo.png","type":"image\/png"}],"twitter_card":"summary_large_image","twitter_misc":{"Est. reading time":"1 minute"},"schema":{"@context":"https:\/\/schema.org","@graph":[{"@type":"WebPage","@id":"https:\/\/powertan.pt\/en\/led-savings-calculator\/","url":"https:\/\/powertan.pt\/en\/led-savings-calculator\/","name":"LED Savings Calculator - PowerTan","isPartOf":{"@id":"https:\/\/powertan.pt\/en\/#website"},"datePublished":"2025-10-21T15:37:54+00:00","dateModified":"2025-11-05T11:19:47+00:00","description":"A Power Tan \u00e9 uma empresa nacional especializada na venda e distribui\u00e7\u00e3o de produtos para centros de bronzeamento artificial e sol\u00e1rios, oferecendo assist\u00eancia t\u00e9cnica e forma\u00e7\u00e3o profissional.","breadcrumb":{"@id":"https:\/\/powertan.pt\/en\/led-savings-calculator\/#breadcrumb"},"inLanguage":"en-US","potentialAction":[{"@type":"ReadAction","target":["https:\/\/powertan.pt\/en\/led-savings-calculator\/"]}]},{"@type":"BreadcrumbList","@id":"https:\/\/powertan.pt\/en\/led-savings-calculator\/#breadcrumb","itemListElement":[{"@type":"ListItem","position":1,"name":"Home","item":"https:\/\/powertan.pt\/en\/"},{"@type":"ListItem","position":2,"name":"LED Savings Calculator"}]},{"@type":"WebSite","@id":"https:\/\/powertan.pt\/en\/#website","url":"https:\/\/powertan.pt\/en\/","name":"Powertan","description":"All About Tanning","publisher":{"@id":"https:\/\/powertan.pt\/en\/#organization"},"potentialAction":[{"@type":"SearchAction","target":{"@type":"EntryPoint","urlTemplate":"https:\/\/powertan.pt\/en\/?s={search_term_string}"},"query-input":{"@type":"PropertyValueSpecification","valueRequired":true,"valueName":"search_term_string"}}],"inLanguage":"en-US"},{"@type":"Organization","@id":"https:\/\/powertan.pt\/en\/#organization","name":"Powertan","url":"https:\/\/powertan.pt\/en\/","logo":{"@type":"ImageObject","inLanguage":"en-US","@id":"https:\/\/powertan.pt\/en\/#\/schema\/logo\/image\/","url":"https:\/\/powertan.pt\/wp-content\/uploads\/2025\/12\/favicon.png","contentUrl":"https:\/\/powertan.pt\/wp-content\/uploads\/2025\/12\/favicon.png","width":512,"height":512,"caption":"Powertan"},"image":{"@id":"https:\/\/powertan.pt\/en\/#\/schema\/logo\/image\/"},"sameAs":["https:\/\/www.facebook.com\/powertan.pt\/","https:\/\/www.instagram.com\/powertan.pt"]}]}},"_links":{"self":[{"href":"https:\/\/powertan.pt\/en\/wp-json\/wp\/v2\/pages\/24394","targetHints":{"allow":["GET"]}}],"collection":[{"href":"https:\/\/powertan.pt\/en\/wp-json\/wp\/v2\/pages"}],"about":[{"href":"https:\/\/powertan.pt\/en\/wp-json\/wp\/v2\/types\/page"}],"author":[{"embeddable":true,"href":"https:\/\/powertan.pt\/en\/wp-json\/wp\/v2\/users\/3"}],"replies":[{"embeddable":true,"href":"https:\/\/powertan.pt\/en\/wp-json\/wp\/v2\/comments?post=24394"}],"version-history":[{"count":26,"href":"https:\/\/powertan.pt\/en\/wp-json\/wp\/v2\/pages\/24394\/revisions"}],"predecessor-version":[{"id":25415,"href":"https:\/\/powertan.pt\/en\/wp-json\/wp\/v2\/pages\/24394\/revisions\/25415"}],"wp:attachment":[{"href":"https:\/\/powertan.pt\/en\/wp-json\/wp\/v2\/media?parent=24394"}],"curies":[{"name":"wp","href":"https:\/\/api.w.org\/{rel}","templated":true}]}}