{"id":22359,"date":"2025-09-25T09:25:11","date_gmt":"2025-09-25T09:25:11","guid":{"rendered":"https:\/\/powertan.pt\/?post_type=product&#038;p=22359"},"modified":"2025-11-26T09:32:41","modified_gmt":"2025-11-26T09:32:41","slug":"k9s","status":"publish","type":"product","link":"https:\/\/powertan.pt\/en\/product\/k9s\/","title":{"rendered":"MEGASUN K9S"},"content":{"rendered":"<p>With the K7 KBL build the foundation of the K-Series. Captivating design and innovative technologies lead the way for the newest top model K9S. Born from the pen of Etienne Salom\u00e9, a designer known for his work for Bugatti automobiles, the K9S completes the K-Series. SunSphere Pro marks a great leap into the future for KBL. The premiere of UVB-LEDs in a solarium phases out conventional T5 lamps in the face and d\u00e9collet\u00e9 area. A smaller overall footprint without compromising interior space compared to our P9S marks another great feature.<\/p>\n","protected":false},"excerpt":{"rendered":"<p>The K7 by KBL introduces the foundation of the K-Series, combining a captivating design by Etienne Salom\u00e9 with cutting-edge technology. Featuring the revolutionary SunSphere Pro with UVB-LEDs for face and d\u00e9collet\u00e9, it offers a compact footprint without sacrificing interior comfort \u2014 a true step into the future of tanning.<\/p>\n","protected":false},"featured_media":22404,"comment_status":"closed","ping_status":"closed","template":"","meta":{"_acf_changed":false,"content-type":"","_vp_format_video_url":"","_vp_image_focal_point":[]},"product_brand":[362],"product_cat":[376],"product_tag":[426,445,423,421],"class_list":{"0":"post-22359","1":"product","2":"type-product","3":"status-publish","4":"has-post-thumbnail","6":"product_brand-kbl-megasun","7":"product_cat-solarium-machines","8":"product_tag-horizontal","9":"product_tag-megasun","10":"product_tag-professional","11":"product_tag-three-phase","13":"first","14":"onbackorder","15":"sale","16":"shipping-taxable","17":"purchasable","18":"product-type-simple"},"acf":[],"yoast_head":"<!-- This site is optimized with the Yoast SEO plugin v26.6 - https:\/\/yoast.com\/wordpress\/plugins\/seo\/ -->\n<title>MEGASUN K9S - PowerTan<\/title>\n<meta name=\"robots\" content=\"index, follow, max-snippet:-1, max-image-preview:large, max-video-preview:-1\" \/>\n<link rel=\"canonical\" href=\"https:\/\/powertan.pt\/en\/product\/k9s\/\" \/>\n<meta property=\"og:locale\" content=\"en_US\" \/>\n<meta property=\"og:type\" content=\"article\" \/>\n<meta property=\"og:title\" content=\"MEGASUN K9S - PowerTan\" \/>\n<meta property=\"og:description\" content=\"The K7 by KBL introduces the foundation of the K-Series, combining a captivating design by Etienne Salom\u00e9 with cutting-edge technology. Featuring the revolutionary SunSphere Pro with UVB-LEDs for face and d\u00e9collet\u00e9, it offers a compact footprint without sacrificing interior comfort \u2014 a true step into the future of tanning.\" \/>\n<meta property=\"og:url\" content=\"https:\/\/powertan.pt\/en\/product\/k9s\/\" \/>\n<meta property=\"og:site_name\" content=\"PowerTan\" \/>\n<meta property=\"article:publisher\" content=\"https:\/\/www.facebook.com\/powertan.pt\/\" \/>\n<meta property=\"article:modified_time\" content=\"2025-11-26T09:32:41+00:00\" \/>\n<meta property=\"og:image\" content=\"https:\/\/powertan.pt\/wp-content\/uploads\/2025\/09\/03-k9s-silver-infinite-hybrid-34front-1-e1759506809906.jpg\" \/>\n\t<meta property=\"og:image:width\" content=\"1200\" \/>\n\t<meta property=\"og:image:height\" content=\"1200\" \/>\n\t<meta property=\"og:image:type\" content=\"image\/jpeg\" \/>\n<meta name=\"twitter:card\" content=\"summary_large_image\" \/>\n<meta name=\"twitter:label1\" content=\"Est. reading time\" \/>\n\t<meta name=\"twitter:data1\" content=\"1 minute\" \/>\n<script type=\"application\/ld+json\" class=\"yoast-schema-graph\">{\"@context\":\"https:\/\/schema.org\",\"@graph\":[{\"@type\":\"WebPage\",\"@id\":\"https:\/\/powertan.pt\/en\/product\/k9s\/\",\"url\":\"https:\/\/powertan.pt\/en\/product\/k9s\/\",\"name\":\"MEGASUN K9S - PowerTan\",\"isPartOf\":{\"@id\":\"https:\/\/powertan.pt\/en\/#website\"},\"primaryImageOfPage\":{\"@id\":\"https:\/\/powertan.pt\/en\/product\/k9s\/#primaryimage\"},\"image\":{\"@id\":\"https:\/\/powertan.pt\/en\/product\/k9s\/#primaryimage\"},\"thumbnailUrl\":\"https:\/\/powertan.pt\/wp-content\/uploads\/2025\/09\/03-k9s-silver-infinite-hybrid-34front-1-e1759506809906.jpg\",\"datePublished\":\"2025-09-25T09:25:11+00:00\",\"dateModified\":\"2025-11-26T09:32:41+00:00\",\"breadcrumb\":{\"@id\":\"https:\/\/powertan.pt\/en\/product\/k9s\/#breadcrumb\"},\"inLanguage\":\"en-US\",\"potentialAction\":[{\"@type\":\"ReadAction\",\"target\":[\"https:\/\/powertan.pt\/en\/product\/k9s\/\"]}]},{\"@type\":\"ImageObject\",\"inLanguage\":\"en-US\",\"@id\":\"https:\/\/powertan.pt\/en\/product\/k9s\/#primaryimage\",\"url\":\"https:\/\/powertan.pt\/wp-content\/uploads\/2025\/09\/03-k9s-silver-infinite-hybrid-34front-1-e1759506809906.jpg\",\"contentUrl\":\"https:\/\/powertan.pt\/wp-content\/uploads\/2025\/09\/03-k9s-silver-infinite-hybrid-34front-1-e1759506809906.jpg\",\"width\":1200,\"height\":1200},{\"@type\":\"BreadcrumbList\",\"@id\":\"https:\/\/powertan.pt\/en\/product\/k9s\/#breadcrumb\",\"itemListElement\":[{\"@type\":\"ListItem\",\"position\":1,\"name\":\"Home\",\"item\":\"https:\/\/powertan.pt\/en\/\"},{\"@type\":\"ListItem\",\"position\":2,\"name\":\"SHOP\",\"item\":\"https:\/\/powertan.pt\/en\/shop\/\"},{\"@type\":\"ListItem\",\"position\":3,\"name\":\"MEGASUN K9S\"}]},{\"@type\":\"WebSite\",\"@id\":\"https:\/\/powertan.pt\/en\/#website\",\"url\":\"https:\/\/powertan.pt\/en\/\",\"name\":\"Powertan\",\"description\":\"All About Tanning\",\"publisher\":{\"@id\":\"https:\/\/powertan.pt\/en\/#organization\"},\"potentialAction\":[{\"@type\":\"SearchAction\",\"target\":{\"@type\":\"EntryPoint\",\"urlTemplate\":\"https:\/\/powertan.pt\/en\/?s={search_term_string}\"},\"query-input\":{\"@type\":\"PropertyValueSpecification\",\"valueRequired\":true,\"valueName\":\"search_term_string\"}}],\"inLanguage\":\"en-US\"},{\"@type\":\"Organization\",\"@id\":\"https:\/\/powertan.pt\/en\/#organization\",\"name\":\"Powertan\",\"url\":\"https:\/\/powertan.pt\/en\/\",\"logo\":{\"@type\":\"ImageObject\",\"inLanguage\":\"en-US\",\"@id\":\"https:\/\/powertan.pt\/en\/#\/schema\/logo\/image\/\",\"url\":\"https:\/\/powertan.pt\/wp-content\/uploads\/2025\/12\/favicon.png\",\"contentUrl\":\"https:\/\/powertan.pt\/wp-content\/uploads\/2025\/12\/favicon.png\",\"width\":512,\"height\":512,\"caption\":\"Powertan\"},\"image\":{\"@id\":\"https:\/\/powertan.pt\/en\/#\/schema\/logo\/image\/\"},\"sameAs\":[\"https:\/\/www.facebook.com\/powertan.pt\/\",\"https:\/\/www.instagram.com\/powertan.pt\"]}]}<\/script>\n<!-- \/ Yoast SEO plugin. -->","yoast_head_json":{"title":"MEGASUN K9S - PowerTan","robots":{"index":"index","follow":"follow","max-snippet":"max-snippet:-1","max-image-preview":"max-image-preview:large","max-video-preview":"max-video-preview:-1"},"canonical":"https:\/\/powertan.pt\/en\/product\/k9s\/","og_locale":"en_US","og_type":"article","og_title":"MEGASUN K9S - PowerTan","og_description":"The K7 by KBL introduces the foundation of the K-Series, combining a captivating design by Etienne Salom\u00e9 with cutting-edge technology. Featuring the revolutionary SunSphere Pro with UVB-LEDs for face and d\u00e9collet\u00e9, it offers a compact footprint without sacrificing interior comfort \u2014 a true step into the future of tanning.","og_url":"https:\/\/powertan.pt\/en\/product\/k9s\/","og_site_name":"PowerTan","article_publisher":"https:\/\/www.facebook.com\/powertan.pt\/","article_modified_time":"2025-11-26T09:32:41+00:00","og_image":[{"width":1200,"height":1200,"url":"https:\/\/powertan.pt\/wp-content\/uploads\/2025\/09\/03-k9s-silver-infinite-hybrid-34front-1-e1759506809906.jpg","type":"image\/jpeg"}],"twitter_card":"summary_large_image","twitter_misc":{"Est. reading time":"1 minute"},"schema":{"@context":"https:\/\/schema.org","@graph":[{"@type":"WebPage","@id":"https:\/\/powertan.pt\/en\/product\/k9s\/","url":"https:\/\/powertan.pt\/en\/product\/k9s\/","name":"MEGASUN K9S - PowerTan","isPartOf":{"@id":"https:\/\/powertan.pt\/en\/#website"},"primaryImageOfPage":{"@id":"https:\/\/powertan.pt\/en\/product\/k9s\/#primaryimage"},"image":{"@id":"https:\/\/powertan.pt\/en\/product\/k9s\/#primaryimage"},"thumbnailUrl":"https:\/\/powertan.pt\/wp-content\/uploads\/2025\/09\/03-k9s-silver-infinite-hybrid-34front-1-e1759506809906.jpg","datePublished":"2025-09-25T09:25:11+00:00","dateModified":"2025-11-26T09:32:41+00:00","breadcrumb":{"@id":"https:\/\/powertan.pt\/en\/product\/k9s\/#breadcrumb"},"inLanguage":"en-US","potentialAction":[{"@type":"ReadAction","target":["https:\/\/powertan.pt\/en\/product\/k9s\/"]}]},{"@type":"ImageObject","inLanguage":"en-US","@id":"https:\/\/powertan.pt\/en\/product\/k9s\/#primaryimage","url":"https:\/\/powertan.pt\/wp-content\/uploads\/2025\/09\/03-k9s-silver-infinite-hybrid-34front-1-e1759506809906.jpg","contentUrl":"https:\/\/powertan.pt\/wp-content\/uploads\/2025\/09\/03-k9s-silver-infinite-hybrid-34front-1-e1759506809906.jpg","width":1200,"height":1200},{"@type":"BreadcrumbList","@id":"https:\/\/powertan.pt\/en\/product\/k9s\/#breadcrumb","itemListElement":[{"@type":"ListItem","position":1,"name":"Home","item":"https:\/\/powertan.pt\/en\/"},{"@type":"ListItem","position":2,"name":"SHOP","item":"https:\/\/powertan.pt\/en\/shop\/"},{"@type":"ListItem","position":3,"name":"MEGASUN K9S"}]},{"@type":"WebSite","@id":"https:\/\/powertan.pt\/en\/#website","url":"https:\/\/powertan.pt\/en\/","name":"Powertan","description":"All About Tanning","publisher":{"@id":"https:\/\/powertan.pt\/en\/#organization"},"potentialAction":[{"@type":"SearchAction","target":{"@type":"EntryPoint","urlTemplate":"https:\/\/powertan.pt\/en\/?s={search_term_string}"},"query-input":{"@type":"PropertyValueSpecification","valueRequired":true,"valueName":"search_term_string"}}],"inLanguage":"en-US"},{"@type":"Organization","@id":"https:\/\/powertan.pt\/en\/#organization","name":"Powertan","url":"https:\/\/powertan.pt\/en\/","logo":{"@type":"ImageObject","inLanguage":"en-US","@id":"https:\/\/powertan.pt\/en\/#\/schema\/logo\/image\/","url":"https:\/\/powertan.pt\/wp-content\/uploads\/2025\/12\/favicon.png","contentUrl":"https:\/\/powertan.pt\/wp-content\/uploads\/2025\/12\/favicon.png","width":512,"height":512,"caption":"Powertan"},"image":{"@id":"https:\/\/powertan.pt\/en\/#\/schema\/logo\/image\/"},"sameAs":["https:\/\/www.facebook.com\/powertan.pt\/","https:\/\/www.instagram.com\/powertan.pt"]}]}},"_links":{"self":[{"href":"https:\/\/powertan.pt\/en\/wp-json\/wp\/v2\/product\/22359","targetHints":{"allow":["GET"]}}],"collection":[{"href":"https:\/\/powertan.pt\/en\/wp-json\/wp\/v2\/product"}],"about":[{"href":"https:\/\/powertan.pt\/en\/wp-json\/wp\/v2\/types\/product"}],"replies":[{"embeddable":true,"href":"https:\/\/powertan.pt\/en\/wp-json\/wp\/v2\/comments?post=22359"}],"version-history":[{"count":13,"href":"https:\/\/powertan.pt\/en\/wp-json\/wp\/v2\/product\/22359\/revisions"}],"predecessor-version":[{"id":26035,"href":"https:\/\/powertan.pt\/en\/wp-json\/wp\/v2\/product\/22359\/revisions\/26035"}],"wp:featuredmedia":[{"embeddable":true,"href":"https:\/\/powertan.pt\/en\/wp-json\/wp\/v2\/media\/22404"}],"wp:attachment":[{"href":"https:\/\/powertan.pt\/en\/wp-json\/wp\/v2\/media?parent=22359"}],"wp:term":[{"taxonomy":"product_brand","embeddable":true,"href":"https:\/\/powertan.pt\/en\/wp-json\/wp\/v2\/product_brand?post=22359"},{"taxonomy":"product_cat","embeddable":true,"href":"https:\/\/powertan.pt\/en\/wp-json\/wp\/v2\/product_cat?post=22359"},{"taxonomy":"product_tag","embeddable":true,"href":"https:\/\/powertan.pt\/en\/wp-json\/wp\/v2\/product_tag?post=22359"}],"curies":[{"name":"wp","href":"https:\/\/api.w.org\/{rel}","templated":true}]}}